{"id":311,"date":"2025-07-08T06:54:54","date_gmt":"2025-07-08T06:54:54","guid":{"rendered":"https:\/\/www.schellhammerestates.com\/about\/"},"modified":"2026-03-13T11:39:43","modified_gmt":"2026-03-13T11:39:43","slug":"acerca-de","status":"publish","type":"page","link":"https:\/\/www.schellhammerestates.com\/es\/about\/","title":{"rendered":"Acerca de"},"content":{"rendered":"<div class=\"wp-block-uagb-container uagb-block-9ec7f4b7 alignfull uagb-is-root-container\"><div class=\"uagb-container-inner-blocks-wrap\">\n<div class=\"wp-block-uagb-advanced-heading uagb-block-8357f53e\"><h1 class=\"uagb-heading-text\">Descubra nuestra historia y experiencia costera<\/h1><\/div>\n<\/div><\/div>\n\n\n\n<div class=\"wp-block-uagb-container uagb-block-d1021bd2 alignfull uagb-is-root-container\"><div class=\"uagb-container-inner-blocks-wrap\">\n<div class=\"wp-block-uagb-container uagb-block-e30d9eff\">\n<div class=\"wp-block-uagb-advanced-heading uagb-block-82c55ef4\"><h2 class=\"uagb-heading-text\">Sobre nosotros<\/h2><div class=\"uagb-separator\"><\/div><\/div>\n\n\n\n<div class=\"wp-block-uagb-advanced-heading uagb-block-9118752e\"><h5 class=\"uagb-heading-text\"><em><em>En Schellhammer Estates, creemos que encontrar la propiedad perfecta debe ser algo natural y personal. Con a\u00f1os de experiencia y un equipo dedicado, ofrecemos asesoramiento honesto, orientaci\u00f3n profesional y un enfoque amistoso en cada paso. Tanto si desea trasladarse, invertir o jubilarse en la hermosa Costa del Sol, estamos aqu\u00ed para ayudarle en cada paso del camino.<\/em><\/em><\/h5><\/div>\n<\/div>\n<\/div><\/div>\n\n\n\n<div class=\"wp-block-uagb-container uagb-block-110b0c74 alignfull uagb-is-root-container\"><div class=\"uagb-container-inner-blocks-wrap\">\n<div class=\"wp-block-uagb-container uagb-block-b96a974d\">\n<div class=\"wp-block-uagb-advanced-heading uagb-block-aa838248\"><h6 class=\"uagb-heading-text\">ENFOQUE CENTRADO EN EL CLIENTE<\/h6><div class=\"uagb-separator\"><\/div><\/div>\n\n\n\n<div class=\"wp-block-uagb-advanced-heading uagb-block-8847e19c\"><h2 class=\"uagb-heading-text\">M\u00e1s que una propiedad: est\u00e1 eligiendo un estilo de vida. Te guiamos en cada paso para que el proceso sea f\u00e1cil, personal y completamente libre de estr\u00e9s.<\/h2><\/div>\n<\/div>\n<\/div><\/div>\n\n\n\n<div class=\"wp-block-uagb-container uagb-block-f94f0b6a alignfull uagb-is-root-container\"><div class=\"uagb-container-inner-blocks-wrap\">\n<div class=\"wp-block-uagb-container uagb-block-dd0bda82\">\n<div class=\"wp-block-uagb-advanced-heading uagb-block-848e3276\"><h2 class=\"uagb-heading-text\">Nuestra Historia<\/h2><div class=\"uagb-separator\"><\/div><\/div>\n\n\n\n<div class=\"wp-block-uagb-advanced-heading uagb-block-11148bdd\"><h5 class=\"uagb-heading-text\">Schellhammer Estates se fund\u00f3 con una visi\u00f3n clara: conectar a las personas con propiedades costeras excepcionales a lo largo de la Costa del Sol y la regi\u00f3n de M\u00e1laga en general.<\/h5><p class=\"uagb-desc-text\">A lo largo de los a\u00f1os hemos ayudado a cientos de clientes a encontrar la casa de sus sue\u00f1os, desde elegantes apartamentos en primera l\u00ednea de playa hasta lujosas villas con vistas al mar. Tenemos profundas ra\u00edces locales, una amplia red de contactos y una aut\u00e9ntica pasi\u00f3n por lo que hacemos.<br><br>Tanto si est\u00e1 comprando su primera vivienda en el extranjero como si busca una inversi\u00f3n inteligente o planea su jubilaci\u00f3n en el Mediterr\u00e1neo, estamos orgullosos de estar a su lado durante todo el viaje.<\/p><\/div>\n<\/div>\n\n\n\n<div class=\"wp-block-uagb-container uagb-block-f0c0b37e\">\n<div class=\"wp-block-uagb-image uagb-block-4c4a5697 wp-block-uagb-image--layout-default wp-block-uagb-image--effect-static wp-block-uagb-image--align-none\"><figure class=\"wp-block-uagb-image__figure\"><img decoding=\"async\" srcset=\"https:\/\/www.schellhammerestates.com\/wp-content\/uploads\/2026\/03\/a-guy-and-a-girl-on-a-large-terrace-overlooking-th-2026-01-09-10-23-13-utc-1024x683.jpg ,https:\/\/www.schellhammerestates.com\/wp-content\/uploads\/2026\/03\/a-guy-and-a-girl-on-a-large-terrace-overlooking-th-2026-01-09-10-23-13-utc-scaled.jpg 780w, https:\/\/www.schellhammerestates.com\/wp-content\/uploads\/2026\/03\/a-guy-and-a-girl-on-a-large-terrace-overlooking-th-2026-01-09-10-23-13-utc-scaled.jpg 360w\" sizes=\"auto, (max-width: 480px) 150px\" src=\"https:\/\/www.schellhammerestates.com\/wp-content\/uploads\/2026\/03\/a-guy-and-a-girl-on-a-large-terrace-overlooking-th-2026-01-09-10-23-13-utc-1024x683.jpg\" alt=\"\" class=\"uag-image-8377\" width=\"1024\" height=\"683\" title=\"a-guy-and-a-girl-on-a-large-terrace-overlooking-th-2026-01-09-10-23-13-utc\" loading=\"lazy\" role=\"img\"\/><\/figure><\/div>\n<\/div>\n<\/div><\/div>\n\n\n\n<div class=\"wp-block-uagb-container uagb-block-6531b65f alignfull uagb-is-root-container\"><div class=\"uagb-container-inner-blocks-wrap\">\n<div class=\"wp-block-uagb-container uagb-block-771bbdc6\">\n<div class=\"wp-block-uagb-advanced-heading uagb-block-ed792903\"><h3 class=\"uagb-heading-text\">Contacte con nosotros<\/h3><div class=\"uagb-separator\"><\/div><\/div>\n\n\n\t\t\t<div class=\"srfm-form-container srfm-form-container-452 srfm-bg-color\">\n\t\t\t<style>\n\t\t\t\t\/* Need to check and remove the input variables related to the Style Tab. *\/\n\t\t\t\t.srfm-form-container-452 {\n\t\t\t\t\t\/* New test variables *\/\n\t\t\t\t\t--srfm-color-scheme-primary: var(--ast-global-color-0);\n\t\t\t\t\t--srfm-color-scheme-text-on-primary: #FFFFFF;\n\t\t\t\t\t--srfm-color-scheme-text: var(--ast-global-color-2);\n\t\t\t\t\t--srfm-quill-editor-color: var(--ast-global-color-0);\n\n\t\t\t\t\t--srfm-color-input-label: var(--ast-global-color-2);\n\t\t\t\t\t--srfm-color-input-description: hsl( from var(--ast-global-color-2) h s l \/ 0.65 );\n\t\t\t\t\t--srfm-color-input-placeholder: hsl( from var(--ast-global-color-2) h s l \/ 0.5 );\n\t\t\t\t\t--srfm-color-input-text: var(--ast-global-color-2);\n\t\t\t\t\t--srfm-color-input-prefix: hsl( from var(--ast-global-color-2) h s l \/ 0.65 );\n\t\t\t\t\t--srfm-color-input-background: hsl( from var(--ast-global-color-2) h s l \/ 0.02 );\n\t\t\t\t\t--srfm-color-input-background-hover: hsl( from var(--ast-global-color-2) h s l \/ 0.05 );\n\t\t\t\t\t--srfm-color-input-background-disabled: hsl( from var(--ast-global-color-2) h s l \/ 0.07 );\n\t\t\t\t\t--srfm-color-input-border: hsl( from var(--ast-global-color-2) h s l \/ 0.25 );\n\t\t\t\t\t--srfm-color-input-border-disabled: hsl( from var(--ast-global-color-2) h s l \/ 0.15 );\n\t\t\t\t\t--srfm-color-multi-choice-svg: hsl( from var(--ast-global-color-2) h s l \/ 0.7 );\n\t\t\t\t\t--srfm-color-input-border-hover: hsl( from var(--ast-global-color-0) h s l \/ 0.65 );\n\t\t\t\t\t--srfm-color-input-border-focus-glow: hsl( from var(--ast-global-color-0) h s l \/ 0.15 );\n\t\t\t\t\t--srfm-color-input-selected: hsl( from var(--ast-global-color-0) h s l \/ 0.1 );\n\t\t\t\t\t--srfm-btn-color-hover: hsl( from var(--ast-global-color-0) h s l \/ 0.9 );\n\t\t\t\t\t--srfm-btn-color-disabled: hsl( from var(--ast-global-color-0) h s l \/ 0.25 );\n\n\t\t\t\t\t\/* Dropdown Variables *\/\n\t\t\t\t\t--srfm-dropdown-input-background-hover: hsl( from var(--ast-global-color-2) h s l \/ 0.05 );\n\t\t\t\t\t--srfm-dropdown-option-background-hover: hsl( from var(--ast-global-color-2) h s l \/ 0.10 );\n\t\t\t\t\t--srfm-dropdown-option-background-selected: hsl( from var(--ast-global-color-2) h s l \/ 0.05 );\n\t\t\t\t\t--srfm-dropdown-option-selected-icon: hsl( from var(--ast-global-color-2) h s l \/ 0.65 );\n\t\t\t\t\t--srfm-dropdown-option-text-color: hsl( from var(--ast-global-color-2) h s l \/ 0.80 );\n\t\t\t\t\t--srfm-dropdown-option-selected-text: var(--ast-global-color-2);\n\t\t\t\t\t--srfm-dropdown-badge-background: hsl( from var(--ast-global-color-2) h s l \/ 0.05 );\n\t\t\t\t\t--srfm-dropdown-badge-background-hover: hsl( from var(--ast-global-color-2) h s l \/ 0.10 );\n\t\t\t\t\t--srfm-dropdown-menu-border-color: hsl( from var(--ast-global-color-2) h s l \/ 0.10 );\n\t\t\t\t\t--srfm-dropdown-placeholder-color: hsl( from var(--ast-global-color-2) h s l \/ 0.50 );\n\t\t\t\t\t--srfm-dropdown-icon-color: hsl( from var(--ast-global-color-2) h s l \/ 0.65 );\n\t\t\t\t\t--srfm-dropdown-icon-disabled: hsl( from var(--ast-global-color-2) h s l \/ 0.25 );\n\n\t\t\t\t\t\/* Background Control Variables *\/\n\t\t\t\t\t--srfm-instant-form-padding-top: 32px;--srfm-instant-form-padding-right: 32px;--srfm-instant-form-padding-bottom: 32px;--srfm-instant-form-padding-left: 32px;--srfm-instant-form-border-radius-top: 12px;--srfm-instant-form-border-radius-right: 12px;--srfm-instant-form-border-radius-bottom: 12px;--srfm-instant-form-border-radius-left: 12px;--srfm-form-padding-top: 0px;--srfm-form-padding-right: 0px;--srfm-form-padding-bottom: 0px;--srfm-form-padding-left: 0px;--srfm-form-border-radius-top: 0px;--srfm-form-border-radius-right: 0px;--srfm-form-border-radius-bottom: 0px;--srfm-form-border-radius-left: 0px;--srfm-bg-color: #ffffff00;--srfm-bg-overlay-opacity: 1;\t\t\t\t\t--srfm-row-gap-between-blocks: 18px;--srfm-address-label-font-size: 16px;--srfm-address-label-line-height: 24px;--srfm-address-description-font-size: 14px;--srfm-address-description-line-height: 20px;--srfm-col-gap-between-fields: 16px;--srfm-row-gap-between-fields: 16px;--srfm-gap-below-address-label: 14px;--srfm-dropdown-font-size: 14px;--srfm-dropdown-gap-between-input-menu: 4px;--srfm-dropdown-badge-padding: 2px 6px;--srfm-dropdown-multiselect-font-size: 12px;--srfm-dropdown-multiselect-line-height: 16px;--srfm-dropdown-padding-right: 12px;--srfm-dropdown-padding-right-icon: calc( var( --srfm-dropdown-padding-right ) + 20px );--srfm-dropdown-multiselect-padding: 8px var( --srfm-dropdown-padding-right-icon ) 8px 8px;--srfm-input-height: 44px;--srfm-input-field-padding: 10px 12px;--srfm-input-field-font-size: 16px;--srfm-input-field-line-height: 24px;--srfm-input-field-margin-top: 6px;--srfm-input-field-margin-bottom: 6px;--srfm-checkbox-label-font-size: 16px;--srfm-checkbox-label-line-height: 24px;--srfm-checkbox-description-font-size: 14px;--srfm-checkbox-description-line-height: 20px;--srfm-check-ctn-width: 16px;--srfm-check-ctn-height: 16px;--srfm-check-svg-size: 10px;--srfm-checkbox-margin-top-frontend: 4px;--srfm-checkbox-margin-top-editor: 6px;--srfm-check-gap: 8px;--srfm-checkbox-description-margin-left: 24px;--srfm-flag-section-padding: 10px 0 10px 12px;--srfm-gap-between-icon-text: 8px;--srfm-label-font-size: 16px;--srfm-label-line-height: 24px;--srfm-description-font-size: 14px;--srfm-description-line-height: 20px;--srfm-btn-padding: 10px 14px;--srfm-btn-font-size: 16px;--srfm-btn-line-height: 24px;--srfm-multi-choice-horizontal-padding: 20px;--srfm-multi-choice-vertical-padding: 20px;--srfm-multi-choice-internal-option-gap: 8px;--srfm-multi-choice-vertical-svg-size: 40px;--srfm-multi-choice-horizontal-image-size: 24px;--srfm-multi-choice-vertical-image-size: 120px;--srfm-multi-choice-outer-padding: 2px;\t\t\t\t}\n\t\t\t<\/style>\n\t\t\t\t\t\t\t<form method=\"post\" enctype=\"multipart\/form-data\" id=\"srfm-form-452\" class=\"srfm-form\"\n\t\t\t\tform-id=\"452\" after-submission=\"hide form\" message-type=\"same page\" success-url=\"\" ajaxurl=\"https:\/\/www.schellhammerestates.com\/wp-admin\/admin-ajax.php\" data-submit-token=\"ff8bef2b5f5c954bf96306933aafc9b5636400ab311b25e3e5da80ce837f94db\" action=\"\"\n\t\t\t\t>\n\t\t\t\t\n\t\t\t\t<input type=\"hidden\" value=\"452\" name=\"form-id\">\n\t\t\t\t<input type=\"hidden\" value=\"\" name=\"srfm-sender-email-field\" id=\"srfm-sender-email\">\n\t\t\t\t<input type=\"hidden\" value=\"\" id=\"srfm-page-break\">\n\t\t\t\t\t\t<p id=\"srfm-error-message\" class=\"srfm-common-error-message srfm-error-message srfm-head-error\" hidden>\t\t<span class=\"srfm-icon\" aria-hidden=\"true\">\n\t\t\t<svg xmlns='http:\/\/www.w3.org\/2000\/svg' width='20' height='20' fill='none'><path d='M9.99935 18.3327C14.6017 18.3327 18.3327 14.6017 18.3327 9.99935C18.3327 5.39698 14.6017 1.66602 9.99935 1.66602C5.39698 1.66602 1.66602 5.39698 1.66602 9.99935C1.66602 14.6017 5.39698 18.3327 9.99935 18.3327Z' stroke='currentColor' stroke-width='1.5' stroke-linecap='round' stroke-linejoin='round' \/><path d='M10 6.66602V9.99935' stroke='currentColor' stroke-width='1.5' stroke-linecap='round' stroke-linejoin='round' \/><path d='M10 13.334H10.0083' stroke='currentColor' stroke-width='1.5' stroke-linecap='round' stroke-linejoin='round' \/><\/svg>\t\t<\/span>\n\t\t<span class=\"srfm-error-content\">Hubo un error al intentar enviar su formulario. Por favor, int\u00e9ntelo de nuevo.<\/span><\/p>\n\t\t\t\t\t<div data-block-id=\"72958ef2\" class=\"srfm-block-single srfm-block srfm-input-block srf-input-72958ef2-block  srfm-block-width-100 srfm-slug-name 452\" >\n\t\t\t\t\t\t\t\t<label id=\"srfm-label-72958ef2-lbl-TmFtZQ\" for=\"srfm-input-72958ef2-lbl-TmFtZQ\" class=\"srfm-block-label\">\n\t\t\t\t\t\tNombre\t\t\t\t\t\t\t\t\t\t\t\t\t<span class=\"srfm-required\" aria-hidden=\"true\"> *<\/span>\n\t\t\t\t\t\t\t\t\t\t\t<\/label>\n\t\t\t\t\t\t\t\t\t\t\t\t<div class=\"srfm-block-wrap\">\n\t\t\t\t<input class=\"srfm-input-common srfm-input-input\" type=\"text\" name=\"srfm-input-72958ef2-lbl-TmFtZQ-name\" id=\"srfm-input-72958ef2-lbl-TmFtZQ\"\n\t\t\t\t\taria-describedby='srfm-error-72958ef2'\t\t\t\t\tdata-required=\"true\" aria-required=\"true\" data-unique=\"false\" maxlength=\"100\" value=\"\"  data-srfm-mask=\"none\"   \/>\n\t\t\t\t<\/div>\n\t\t\t\t<div class=\"srfm-error-wrap\">\n\t\t\t\t\t\t\t\t\t\t<div class=\"srfm-error-message\" data-srfm-id=\"srfm-error-72958ef2\" data-error-msg=\"Este campo es obligatorio.\" data-unique-msg=\"El valor debe ser \u00fanico.\">\n\t\t\t\t\t\tEste campo es obligatorio.\t\t\t\t\t<\/div>\n\t\t\t\t\t\t\t\t\t<\/div>\n\t\t\t<\/div>\n\t\t\n\n\t\t\t<div data-block-id=\"4b432cd8\" class=\"srfm-block-single srfm-block srfm-email-block srf-email-4b432cd8-block  srfm-block-width-100 srfm-slug-srfm-email 452 srfm-email-block-wrap\">\n\t\t\t\t<div class=\"srfm-email-block srf-email-4b432cd8-block\">\n\t\t\t\t\t\t\t\t\t\t<label id=\"srfm-label-4b432cd8-lbl-RW1haWw\" for=\"srfm-email-4b432cd8-lbl-RW1haWw\" class=\"srfm-block-label\">\n\t\t\t\t\t\tCorreo electr\u00f3nico\t\t\t\t\t\t\t\t\t\t\t\t\t<span class=\"srfm-required\" aria-hidden=\"true\"> *<\/span>\n\t\t\t\t\t\t\t\t\t\t\t<\/label>\n\t\t\t\t\t\t\t\t\t\t\t\t\t\t\t<div class=\"srfm-block-wrap\">\n\t\t\t\t\t\t<input class=\"srfm-input-common srfm-input-email\" type=\"email\" name=\"srfm-email-4b432cd8-lbl-RW1haWw-srfm-email\" id=\"srfm-email-4b432cd8-lbl-RW1haWw\"\n\t\t\t\t\t\taria-describedby='srfm-error-4b432cd8'\t\t\t\t\t\tdata-required=\"true\" aria-required=\"true\" data-unique=\"false\" value=\"\"   \/>\n\t\t\t\t\t<\/div>\n\t\t\t\t\t<div class=\"srfm-error-wrap\">\n\t\t\t\t\t\t\t\t\t\t\t<div class=\"srfm-error-message\" data-srfm-id=\"srfm-error-4b432cd8\" data-error-msg=\"Este campo es obligatorio.\" data-unique-msg=\"El valor debe ser \u00fanico.\">\n\t\t\t\t\t\tEste campo es obligatorio.\t\t\t\t\t<\/div>\n\t\t\t\t\t\t\t\t\t\t<\/div>\n\t\t\t\t<\/div>\n\t\t\t\t\t\t\t<\/div>\n\t\t\n\n\t\t<div data-block-id=\"9677dc7c\" class=\"srfm-block-single srfm-block srfm-textarea-block srf-textarea-9677dc7c-block  srfm-block-width-100 452\">\n\t\t\t\t\t\t\t\t<label id=\"srfm-label-9677dc7c-lbl-TWVzc2FnZQ-2976\" for=\"srfm-textarea-9677dc7c-lbl-TWVzc2FnZQ-2976\" class=\"srfm-block-label\">\n\t\t\t\t\t\tMensaje\t\t\t\t\t\t\t\t\t\t\t\t\t<span class=\"srfm-required\" aria-hidden=\"true\"> *<\/span>\n\t\t\t\t\t\t\t\t\t\t\t<\/label>\n\t\t\t\t\t\t\t\t\t\t\t<div class=\"srfm-block-wrap\">\n\t\t\t\t<textarea\n\t\t\t\t\tclass=\"srfm-input-common srfm-input-textarea\"\n\t\t\t\t\tname=\"srfm-textarea-9677dc7c-lbl-TWVzc2FnZQ-message\"\n\t\t\t\t\tid=\"srfm-textarea-9677dc7c-lbl-TWVzc2FnZQ-2976\"\n\t\t\t\t\taria-describedby='srfm-error-9677dc7c'\t\t\t\t\tdata-required=\"true\" aria-required=\"true\"  rows=\"4\"  \t\t\t\t\t\t\t\t\t\t\t\t\t\t\t><\/textarea>\n\t\t\t\t\t\t\t<\/div>\n\t\t\t<div class=\"srfm-error-wrap\">\n\t\t\t\t\t\t\t\t\t<div class=\"srfm-error-message\" data-srfm-id=\"srfm-error-9677dc7c\" data-error-msg=\"Este campo es obligatorio.\">\n\t\t\t\t\t\tEste campo es obligatorio.\t\t\t\t\t<\/div>\n\t\t\t\t\t\t\t\t<\/div>\n\t\t<\/div>\n\n\t\t\n\n\t\t\t<div data-block-id=\"f94c5888\" class=\"srfm-block-single srfm-block srfm-gdpr-block srf-gdpr-f94c5888-block srfm-block-width-100 452\">\n\t\t\t\t<div class=\"srfm-block-wrap\">\n\t\t\t\t\t<input class=\"srfm-input-common screen-reader-text srfm-input-gdpr\" id=\"srfm-gdpr-250036780\" name=\"srfm-gdpr-f94c5888-lbl-SSBoYXZlIHJlYWQgYW5kIGFncmVlIHRvIHRoZSBQcml2YWN5IFBvbGljeQ-i-consent-to-have-this-website-store-my-submitted-information-so-they-can-respond-to-my-inquiry\"\n\t\t\t\t\taria-describedby='srfm-error-f94c5888'\t\t\t\t\tdata-required=\"true\" aria-required=\"true\" type=\"checkbox\" \/>\n\t\t\t\t\t<label class=\"srfm-cbx\" for=\"srfm-gdpr-250036780\">\n\t\t\t\t\t\t<span class=\"srfm-span-wrap\">\n\t\t\t\t\t\t\t<svg class=\"srfm-check-icon\" width=\"12px\" height=\"10px\" aria-hidden=\"true\">\n\t\t\t\t\t\t\t\t<use xlink:href=\"#srfm-gdpr-f94c5888-check\"><\/use>\n\t\t\t\t\t\t\t<\/svg>\n\t\t\t\t\t\t<\/span>\n\t\t\t\t\t\t<span class=\"srfm-span-wrap srfm-block-label\">He le\u00eddo y acepto la <a href=\"https:\/\/www.schellhammerestates.com\/es\/politica-de-privacidad\/\">Pol\u00edtica de privacidad<\/a>\t\t\t\t\t\t\t<span class=\"srfm-required\" aria-hidden=\"true\"> *<\/span>\n\t\t\t\t\t\t<\/span>\n\t\t\t\t\t<\/label>\n\t\t\t\t\t<svg class=\"srfm-inline-svg\" aria-hidden=\"true\">\n\t\t\t\t\t\t<symbol id=\"srfm-gdpr-f94c5888-check\" viewbox=\"0 0 12 10\">\n\t\t\t\t\t\t<polyline points=\"1.5 6 4.5 9 10.5 1\"><\/polyline>\n\t\t\t\t\t\t<\/symbol>\n\t\t\t\t\t<\/svg>\n\t\t\t\t<\/div>\n\t\t\t\t\t\t\t\t<div class=\"srfm-error-wrap\">\n\t\t\t\t\t\t\t\t\t\t<div class=\"srfm-error-message\" data-srfm-id=\"srfm-error-f94c5888\" data-error-msg=\"Este campo es obligatorio.\">\n\t\t\t\t\t\tEste campo es obligatorio.\t\t\t\t\t<\/div>\n\t\t\t\t\t\t\t\t\t<\/div>\n\t\t\t<\/div>\n\t\t\t\t\t\t\t\n\t\t\t\t\t\n\t\t\t\t\t<div class=\"srfm-submit-container\" style=\"\">\n\t\t\t\t\t\t<div style=\"width: ; text-align: center\" class=\"wp-block-button\">\n\t\t\t\t\t\t\t\t\t\t\t\t\t\t\t\t\t\t\t<button style=\"\" id=\"srfm-submit-btn\" class=\"srfm-btn-frontend srfm-button srfm-submit-button\"\n\t\t\t\t\t\t\t\t\t\t\t\t\t\t>\n\t\t\t\t\t\t\t\t<div class=\"srfm-submit-wrap\">\n\t\t\t\t\t\t\t\t\tEnviar\t\t\t\t\t\t\t\t<div class=\"srfm-loader\"><\/div>\n\t\t\t\t\t\t\t\t<\/div>\n\t\t\t\t\t\t\t<\/button>\n\t\t\t\t\t\t\t\t\t\t\t\t\t\t\t\t\t\t<\/div>\n\t\t\t\t\t<\/div>\n\t\t\t\t\t\t\t<p id=\"srfm-error-message\" class=\"srfm-common-error-message srfm-error-message srfm-footer-error\" hidden>\t\t<span class=\"srfm-icon\" aria-hidden=\"true\">\n\t\t\t<svg xmlns='http:\/\/www.w3.org\/2000\/svg' width='20' height='20' fill='none'><path d='M9.99935 18.3327C14.6017 18.3327 18.3327 14.6017 18.3327 9.99935C18.3327 5.39698 14.6017 1.66602 9.99935 1.66602C5.39698 1.66602 1.66602 5.39698 1.66602 9.99935C1.66602 14.6017 5.39698 18.3327 9.99935 18.3327Z' stroke='currentColor' stroke-width='1.5' stroke-linecap='round' stroke-linejoin='round' \/><path d='M10 6.66602V9.99935' stroke='currentColor' stroke-width='1.5' stroke-linecap='round' stroke-linejoin='round' \/><path d='M10 13.334H10.0083' stroke='currentColor' stroke-width='1.5' stroke-linecap='round' stroke-linejoin='round' \/><\/svg>\t\t<\/span>\n\t\t<span class=\"srfm-error-content\">Hubo un error al intentar enviar su formulario. Por favor, int\u00e9ntelo de nuevo.<\/span><\/p>\n\t\t\t\t\t<input type=\"hidden\" name=\"trp-form-language\" value=\"es\"\/><\/form>\n\t\t\t<div class=\"srfm-single-form srfm-success-box in-page\">\n\t\t\t\t<div aria-live=\"polite\" aria-atomic=\"true\" role=\"alert\" id=\"srfm-success-message-page-452\" class=\"srfm-success-box-description\"><\/div>\n\t\t\t<\/div>\n\t\t\t\t\t\t<\/div>\n\t\t\n<\/div>\n<\/div><\/div>","protected":false},"excerpt":{"rendered":"<p>Discover Our Story and Coastal Expertise About Us At Schellhammer Estates, we believe finding the perfect property should feel natural and personal. With years of experience and a dedicated team, we offer honest advice, professional guidance, and a friendly approach at every step. Whether you&#8217;re looking to relocate, invest, or retire to the beautiful Costa [&hellip;]<\/p>\n","protected":false},"author":1,"featured_media":0,"parent":0,"menu_order":0,"comment_status":"closed","ping_status":"closed","template":"","meta":{"_uag_custom_page_level_css":"","site-sidebar-layout":"no-sidebar","site-content-layout":"page-builder","ast-site-content-layout":"full-width-container","site-content-style":"unboxed","site-sidebar-style":"unboxed","ast-global-header-display":"","ast-banner-title-visibility":"","ast-main-header-display":"","ast-hfb-above-header-display":"","ast-hfb-below-header-display":"","ast-hfb-mobile-header-display":"","site-post-title":"disabled","ast-breadcrumbs-content":"","ast-featured-img":"","footer-sml-layout":"","ast-disable-related-posts":"","theme-transparent-header-meta":"default","adv-header-id-meta":"","stick-header-meta":"","header-above-stick-meta":"","header-main-stick-meta":"","header-below-stick-meta":"","astra-migrate-meta-layouts":"set","ast-page-background-enabled":"default","ast-page-background-meta":{"desktop":{"background-color":"var(--ast-global-color-4)","background-image":"","background-repeat":"repeat","background-position":"center center","background-size":"auto","background-attachment":"scroll","background-type":"","background-media":"","overlay-type":"","overlay-color":"","overlay-opacity":"","overlay-gradient":""},"tablet":{"background-color":"","background-image":"","background-repeat":"repeat","background-position":"center center","background-size":"auto","background-attachment":"scroll","background-type":"","background-media":"","overlay-type":"","overlay-color":"","overlay-opacity":"","overlay-gradient":""},"mobile":{"background-color":"","background-image":"","background-repeat":"repeat","background-position":"center center","background-size":"auto","background-attachment":"scroll","background-type":"","background-media":"","overlay-type":"","overlay-color":"","overlay-opacity":"","overlay-gradient":""}},"ast-content-background-meta":{"desktop":{"background-color":"var(--ast-global-color-5)","background-image":"","background-repeat":"repeat","background-position":"center center","background-size":"auto","background-attachment":"scroll","background-type":"","background-media":"","overlay-type":"","overlay-color":"","overlay-opacity":"","overlay-gradient":""},"tablet":{"background-color":"var(--ast-global-color-5)","background-image":"","background-repeat":"repeat","background-position":"center center","background-size":"auto","background-attachment":"scroll","background-type":"","background-media":"","overlay-type":"","overlay-color":"","overlay-opacity":"","overlay-gradient":""},"mobile":{"background-color":"var(--ast-global-color-5)","background-image":"","background-repeat":"repeat","background-position":"center center","background-size":"auto","background-attachment":"scroll","background-type":"","background-media":"","overlay-type":"","overlay-color":"","overlay-opacity":"","overlay-gradient":""}},"footnotes":""},"class_list":["post-311","page","type-page","status-publish","hentry"],"uagb_featured_image_src":{"full":false,"thumbnail":false,"medium":false,"medium_large":false,"large":false,"1536x1536":false,"2048x2048":false,"trp-custom-language-flag":false},"uagb_author_info":{"display_name":"roberthywelclark@gmail.com","author_link":"https:\/\/www.schellhammerestates.com\/es\/author\/roberthywelclarkgmail-com\/"},"uagb_comment_info":0,"uagb_excerpt":"Discover Our Story and Coastal Expertise About Us At Schellhammer Estates, we believe finding the perfect property should feel natural and personal. With years of experience and a dedicated team, we offer honest advice, professional guidance, and a friendly approach at every step. Whether you&#8217;re looking to relocate, invest, or retire to the beautiful Costa&hellip;","_links":{"self":[{"href":"https:\/\/www.schellhammerestates.com\/es\/wp-json\/wp\/v2\/pages\/311","targetHints":{"allow":["GET"]}}],"collection":[{"href":"https:\/\/www.schellhammerestates.com\/es\/wp-json\/wp\/v2\/pages"}],"about":[{"href":"https:\/\/www.schellhammerestates.com\/es\/wp-json\/wp\/v2\/types\/page"}],"author":[{"embeddable":true,"href":"https:\/\/www.schellhammerestates.com\/es\/wp-json\/wp\/v2\/users\/1"}],"replies":[{"embeddable":true,"href":"https:\/\/www.schellhammerestates.com\/es\/wp-json\/wp\/v2\/comments?post=311"}],"version-history":[{"count":28,"href":"https:\/\/www.schellhammerestates.com\/es\/wp-json\/wp\/v2\/pages\/311\/revisions"}],"predecessor-version":[{"id":8382,"href":"https:\/\/www.schellhammerestates.com\/es\/wp-json\/wp\/v2\/pages\/311\/revisions\/8382"}],"wp:attachment":[{"href":"https:\/\/www.schellhammerestates.com\/es\/wp-json\/wp\/v2\/media?parent=311"}],"curies":[{"name":"wp","href":"https:\/\/api.w.org\/{rel}","templated":true}]}}